{"id":11,"date":"2016-09-23T09:02:05","date_gmt":"2016-09-23T09:02:05","guid":{"rendered":"http:\/\/juttaweis.de\/?page_id=11"},"modified":"2022-11-30T14:27:44","modified_gmt":"2022-11-30T14:27:44","slug":"kontakt","status":"publish","type":"page","link":"https:\/\/juttaweis.de\/?page_id=11","title":{"rendered":"Kontakt"},"content":{"rendered":"<p><strong><span style=\"font-size: 20px;\">Weitere Informationen sowie u. a. Kostenabsprache erhalten Sie auf<br \/>\n<a href=\"mailto:praxis@juttaweis.de\" target=\"_blank\" rel=\"noopener\">E-Mail-Anfrage<\/a> und \/ oder nutzen Sie einfach das unten stehende<br \/>\nKontaktformular! Ich werde Sie nach Eingang Ihrer Anfrage so bald als<br \/>\nm\u00f6glich kontaktieren.<\/span><br \/>\n<\/strong><\/p>\n\t\t\t<link rel=\"stylesheet\" property=\"stylesheet\" href=\"https:\/\/juttaweis.de\/wp-content\/plugins\/happyforms\/bundles\/css\/frontend.css\" \/>\n\t\t\t\t<!-- HappyForms CSS variables -->\n\t<style>\n\t#happyforms-273 {\n\t\t--happyforms-form-title-font-size: 32px;\n--happyforms-part-title-font-size: 16px;\n--happyforms-part-description-font-size: 12px;\n--happyforms-part-value-font-size: 16px;\n--happyforms-submit-button-font-size: 16px;\n--happyforms-color-primary: #000000;\n--happyforms-color-success-notice: #ebf9f0;\n--happyforms-color-success-notice-text: #1eb452;\n--happyforms-color-error: #f23000;\n--happyforms-color-error-notice: #ffeeea;\n--happyforms-color-error-notice-text: #f23000;\n--happyforms-color-part-title: #000000;\n--happyforms-color-part-value: #000000;\n--happyforms-color-part-placeholder: #888888;\n--happyforms-color-part-description: #454545;\n--happyforms-color-part-border: #dbdbdb;\n--happyforms-color-part-border-focus: #7aa4ff;\n--happyforms-color-part-background: #ffffff;\n--happyforms-color-part-background-focus: #ffffff;\n--happyforms-color-submit-background: #dbdbdb;\n--happyforms-color-submit-background-hover: #ededed;\n--happyforms-color-submit-border: #dbdbdb;\n--happyforms-color-submit-text: #000000;\n--happyforms-color-submit-text-hover: #000000;\n--happyforms-color-table-row-odd: #fcfcfc;\n--happyforms-color-table-row-even: #efefef;\n--happyforms-color-table-row-odd-text: #000000;\n--happyforms-color-table-row-even-text: #000000;\n--happyforms-color-dropdown-item-bg: #ffffff;\n--happyforms-color-dropdown-item-text: #000000;\n--happyforms-color-dropdown-item-bg-hover: #f4f4f5;\n--happyforms-color-dropdown-item-text-hover: #000000;\n--happyforms-color-divider-hr: #cccccc;\n\t}\n\t<\/style>\n\t<!-- End of HappyForms CSS variables -->\n\t\t<!-- HappyForms Additional CSS -->\n\t<style data-happyforms-additional-css>\n\t\t<\/style>\n\t<!-- End of HappyForms Additional CSS -->\n\t\t\t<link rel=\"stylesheet\" type=\"text\/css\" href=\"https:\/\/juttaweis.de\/wp-content\/plugins\/happyforms\/core\/assets\/css\/no-interaction.css\">\n\t\t<div class=\"happyforms-form happyforms-styles\" id=\"happyforms-273\">\n\t\t\n\t<form action=\"\" id=\"happyforms-form-273\" method=\"post\" novalidate=\"true\" autocomplete=\"off\">\n\t\t\t\t<input type=\"hidden\" name=\"happyforms_random_seed\" value=\"2569990636\" \/>\n\t\t\n\t\t\t<input type=\"hidden\" name=\"action\" value=\"happyforms_message\">\n\t\t\t\t<input type=\"hidden\" name=\"client_referer\" value=\"\">\n\t\t\t\t<input type=\"hidden\" name=\"current_post_id\" value=\"\">\n\t\t\t\t<input type=\"hidden\" name=\"happyforms_form_id\" value=\"273\" \/>\n\t\t\t\t<input type=\"hidden\" name=\"happyforms_step\" value=\"0\" \/>\n\t\n\t\t<div class=\"happyforms-flex\">\n\t\t\t\t<input type=\"text\" name=\"273-multi_line_text\" style=\"position:absolute;left:-5000px;\" tabindex=\"-1\" autocomplete=\"off\"> <span class=\"screen-reader-text\">Lass dieses Feld leer<\/span>\n\t\t\t\t\t\t\t\t\t\t<div class=\"happyforms-part--choice happyforms-form__part happyforms-part happyforms-part--radio happyforms-part--width-full happyforms-part--label-show\" id=\"happyforms-273_radio_5-part\" data-happyforms-type=\"radio\" data-happyforms-id=\"radio_5\" data-happyforms-required=\"\">\n\t<div class=\"happyforms-part-wrap\">\n\t\t\t<div class=\"happyforms-part__label-container\">\n\t\t\t\t<label for=\"happyforms-273_radio_5\" class=\"happyforms-part__label\">\n\t\t\t<span class=\"label\">Anrede:*<\/span>\n\t\t\t\t\t\t\t\t\t\t<span class=\"happyforms-required\"><\/span>\n\t\t\t\t\t\t\t\t\t\t<span class=\"happyforms-optional\">(optional)<\/span>\n\t\t\t\t\t<\/label>\n\t\t\t<\/div>\n\t\n\t\t\n\t\t\n\t\t<div class=\"happyforms-part__el\">\n\t\t\t\t\t\t\t\t\t\t<div class=\"happyforms-part__option happyforms-part-option\" id=\"radio_5_option_1669816780593\">\n\t\t\t\t<label class=\"option-label\">\n\t\t\t\t\t<input type=\"radio\" class=\"happyforms-visuallyhidden\" name=\"273_radio_5\" value=\"0\"  autocomplete=\"off\" spellcheck=\"false\" >\n\t\t\t\t\t<span class=\"checkmark\"><span class=\"happyforms-radio-circle\"><\/span><\/span>\n\t\t\t\t\t<span class=\"label-wrap\">\n\t\t\t\t\t\t<span class=\"label\">Herr<\/span>\t\t\t\t\t<\/span>\n\t\t\t\t<\/label>\n\t\t\t\t\t\t\t<\/div>\n\t\t\t\t\t\t\t\t\t\t<div class=\"happyforms-part__option happyforms-part-option\" id=\"radio_5_option_1669816816449\">\n\t\t\t\t<label class=\"option-label\">\n\t\t\t\t\t<input type=\"radio\" class=\"happyforms-visuallyhidden\" name=\"273_radio_5\" value=\"1\"  autocomplete=\"off\" spellcheck=\"false\" >\n\t\t\t\t\t<span class=\"checkmark\"><span class=\"happyforms-radio-circle\"><\/span><\/span>\n\t\t\t\t\t<span class=\"label-wrap\">\n\t\t\t\t\t\t<span class=\"label\">Frau<\/span>\t\t\t\t\t<\/span>\n\t\t\t\t<\/label>\n\t\t\t\t\t\t\t<\/div>\n\t\t\t\t\t\t\t\t\t\t<div class=\"happyforms-part__option happyforms-part-option\" id=\"radio_5_option_1669816821194\">\n\t\t\t\t<label class=\"option-label\">\n\t\t\t\t\t<input type=\"radio\" class=\"happyforms-visuallyhidden\" name=\"273_radio_5\" value=\"2\"  autocomplete=\"off\" spellcheck=\"false\" >\n\t\t\t\t\t<span class=\"checkmark\"><span class=\"happyforms-radio-circle\"><\/span><\/span>\n\t\t\t\t\t<span class=\"label-wrap\">\n\t\t\t\t\t\t<span class=\"label\">Dip. Ing.<\/span>\t\t\t\t\t<\/span>\n\t\t\t\t<\/label>\n\t\t\t\t\t\t\t<\/div>\n\t\t\t\t\t\t\t\t\t\t<div class=\"happyforms-part__option happyforms-part-option\" id=\"radio_5_option_1669816835783\">\n\t\t\t\t<label class=\"option-label\">\n\t\t\t\t\t<input type=\"radio\" class=\"happyforms-visuallyhidden\" name=\"273_radio_5\" value=\"3\"  autocomplete=\"off\" spellcheck=\"false\" >\n\t\t\t\t\t<span class=\"checkmark\"><span class=\"happyforms-radio-circle\"><\/span><\/span>\n\t\t\t\t\t<span class=\"label-wrap\">\n\t\t\t\t\t\t<span class=\"label\">Prof.<\/span>\t\t\t\t\t<\/span>\n\t\t\t\t<\/label>\n\t\t\t\t\t\t\t<\/div>\n\t\t\t\t\t\t\t\t\t\t<div class=\"happyforms-part__option happyforms-part-option\" id=\"radio_5_option_1669816860347\">\n\t\t\t\t<label class=\"option-label\">\n\t\t\t\t\t<input type=\"radio\" class=\"happyforms-visuallyhidden\" name=\"273_radio_5\" value=\"4\"  autocomplete=\"off\" spellcheck=\"false\" >\n\t\t\t\t\t<span class=\"checkmark\"><span class=\"happyforms-radio-circle\"><\/span><\/span>\n\t\t\t\t\t<span class=\"label-wrap\">\n\t\t\t\t\t\t<span class=\"label\">Prof. Dr.<\/span>\t\t\t\t\t<\/span>\n\t\t\t\t<\/label>\n\t\t\t\t\t\t\t<\/div>\n\t\t\t\t\t\t\t\t\t\t<div class=\"happyforms-part__option happyforms-part-option\" id=\"radio_5_option_1669816867392\">\n\t\t\t\t<label class=\"option-label\">\n\t\t\t\t\t<input type=\"radio\" class=\"happyforms-visuallyhidden\" name=\"273_radio_5\" value=\"5\"  autocomplete=\"off\" spellcheck=\"false\" >\n\t\t\t\t\t<span class=\"checkmark\"><span class=\"happyforms-radio-circle\"><\/span><\/span>\n\t\t\t\t\t<span class=\"label-wrap\">\n\t\t\t\t\t\t<span class=\"label\">Herr Dr.<\/span>\t\t\t\t\t<\/span>\n\t\t\t\t<\/label>\n\t\t\t\t\t\t\t<\/div>\n\t\t\t\t\t\t\t\t\t\t<div class=\"happyforms-part__option happyforms-part-option\" id=\"radio_5_option_1669816872617\">\n\t\t\t\t<label class=\"option-label\">\n\t\t\t\t\t<input type=\"radio\" class=\"happyforms-visuallyhidden\" name=\"273_radio_5\" value=\"6\"  autocomplete=\"off\" spellcheck=\"false\" >\n\t\t\t\t\t<span class=\"checkmark\"><span class=\"happyforms-radio-circle\"><\/span><\/span>\n\t\t\t\t\t<span class=\"label-wrap\">\n\t\t\t\t\t\t<span class=\"label\">Frau Dr.<\/span>\t\t\t\t\t<\/span>\n\t\t\t\t<\/label>\n\t\t\t\t\t\t\t<\/div>\n\t\t\t\n\t\t\t\n\t\t\t\t\t<\/div>\n\t<\/div>\n<\/div>\n<div class=\"happyforms-form__part happyforms-part happyforms-part--single_line_text happyforms-part--width-half happyforms-part--label-show\" id=\"happyforms-273_single_line_text_0-part\" data-happyforms-type=\"single_line_text\" data-happyforms-id=\"single_line_text_0\" data-happyforms-required=\"\">\n\t<div class=\"happyforms-part-wrap\">\n\t\t\n\t\t\t\t\t\t<div class=\"happyforms-part__label-container\">\n\t\t\t\t<label for=\"happyforms-273_single_line_text_0\" class=\"happyforms-part__label\">\n\t\t\t<span class=\"label\">Vorname:*<\/span>\n\t\t\t\t\t\t\t\t\t\t<span class=\"happyforms-required\"><\/span>\n\t\t\t\t\t\t\t\t\t\t<span class=\"happyforms-optional\">(optional)<\/span>\n\t\t\t\t\t<\/label>\n\t\t\t<\/div>\n\t\t\t\n\t\t\n\t\t<div class=\"happyforms-part__el\">\n\t\t\t\n\t\t\t\n\t\t\t<div class=\"happyforms-input\">\n\t\t\t\t\n\t\t\t\t<input id=\"happyforms-273_single_line_text_0\" type=\"text\" name=\"273_single_line_text_0\" value=\"\" placeholder=\"\" autocomplete=\"off\" spellcheck=\"false\"  autocorrect=\"off\" \/>\n\t\t\t\t\t\t\t<\/div>\n\n\t\t\t\n\t\t\t\n\t\t\t\t\t<\/div>\n\t<\/div>\n<\/div>\n<div class=\"happyforms-form__part happyforms-part happyforms-part--single_line_text happyforms-part--width-half happyforms-part--label-show\" id=\"happyforms-273_single_line_text_1-part\" data-happyforms-type=\"single_line_text\" data-happyforms-id=\"single_line_text_1\" data-happyforms-required=\"\">\n\t<div class=\"happyforms-part-wrap\">\n\t\t\n\t\t\t\t\t\t<div class=\"happyforms-part__label-container\">\n\t\t\t\t<label for=\"happyforms-273_single_line_text_1\" class=\"happyforms-part__label\">\n\t\t\t<span class=\"label\">Nachname:*<\/span>\n\t\t\t\t\t\t\t\t\t\t<span class=\"happyforms-required\"><\/span>\n\t\t\t\t\t\t\t\t\t\t<span class=\"happyforms-optional\">(optional)<\/span>\n\t\t\t\t\t<\/label>\n\t\t\t<\/div>\n\t\t\t\n\t\t\n\t\t<div class=\"happyforms-part__el\">\n\t\t\t\n\t\t\t\n\t\t\t<div class=\"happyforms-input\">\n\t\t\t\t\n\t\t\t\t<input id=\"happyforms-273_single_line_text_1\" type=\"text\" name=\"273_single_line_text_1\" value=\"\" placeholder=\"\" autocomplete=\"off\" spellcheck=\"false\"  autocorrect=\"off\" \/>\n\t\t\t\t\t\t\t<\/div>\n\n\t\t\t\n\t\t\t\n\t\t\t\t\t<\/div>\n\t<\/div>\n<\/div>\n<div class=\"happyforms-form__part happyforms-part happyforms-part--single_line_text happyforms-part--width-half happyforms-part--label-show\" id=\"happyforms-273_single_line_text_6-part\" data-happyforms-type=\"single_line_text\" data-happyforms-id=\"single_line_text_6\" data-happyforms-required=\"\">\n\t<div class=\"happyforms-part-wrap\">\n\t\t\n\t\t\t\t\t\t<div class=\"happyforms-part__label-container\">\n\t\t\t\t<label for=\"happyforms-273_single_line_text_6\" class=\"happyforms-part__label\">\n\t\t\t<span class=\"label\">Stra\u00dfe:*<\/span>\n\t\t\t\t\t\t\t\t\t\t<span class=\"happyforms-required\"><\/span>\n\t\t\t\t\t\t\t\t\t\t<span class=\"happyforms-optional\">(optional)<\/span>\n\t\t\t\t\t<\/label>\n\t\t\t<\/div>\n\t\t\t\n\t\t\n\t\t<div class=\"happyforms-part__el\">\n\t\t\t\n\t\t\t\n\t\t\t<div class=\"happyforms-input\">\n\t\t\t\t\n\t\t\t\t<input id=\"happyforms-273_single_line_text_6\" type=\"text\" name=\"273_single_line_text_6\" value=\"\" placeholder=\"\" autocomplete=\"off\" spellcheck=\"false\"  autocorrect=\"off\" \/>\n\t\t\t\t\t\t\t<\/div>\n\n\t\t\t\n\t\t\t\n\t\t\t\t\t<\/div>\n\t<\/div>\n<\/div>\n<div class=\"happyforms-form__part happyforms-part happyforms-part--single_line_text happyforms-part--width-half happyforms-part--label-show\" id=\"happyforms-273_single_line_text_7-part\" data-happyforms-type=\"single_line_text\" data-happyforms-id=\"single_line_text_7\" data-happyforms-required=\"\">\n\t<div class=\"happyforms-part-wrap\">\n\t\t\n\t\t\t\t\t\t<div class=\"happyforms-part__label-container\">\n\t\t\t\t<label for=\"happyforms-273_single_line_text_7\" class=\"happyforms-part__label\">\n\t\t\t<span class=\"label\">Hausnummer:*<\/span>\n\t\t\t\t\t\t\t\t\t\t<span class=\"happyforms-required\"><\/span>\n\t\t\t\t\t\t\t\t\t\t<span class=\"happyforms-optional\">(optional)<\/span>\n\t\t\t\t\t<\/label>\n\t\t\t<\/div>\n\t\t\t\n\t\t\n\t\t<div class=\"happyforms-part__el\">\n\t\t\t\n\t\t\t\n\t\t\t<div class=\"happyforms-input\">\n\t\t\t\t\n\t\t\t\t<input id=\"happyforms-273_single_line_text_7\" type=\"text\" name=\"273_single_line_text_7\" value=\"\" placeholder=\"\" autocomplete=\"off\" spellcheck=\"false\"  autocorrect=\"off\" \/>\n\t\t\t\t\t\t\t<\/div>\n\n\t\t\t\n\t\t\t\n\t\t\t\t\t<\/div>\n\t<\/div>\n<\/div>\n<div class=\"happyforms-form__part happyforms-part happyforms-part--single_line_text happyforms-part--width-half happyforms-part--label-show\" id=\"happyforms-273_single_line_text_8-part\" data-happyforms-type=\"single_line_text\" data-happyforms-id=\"single_line_text_8\" data-happyforms-required=\"\">\n\t<div class=\"happyforms-part-wrap\">\n\t\t\n\t\t\t\t\t\t<div class=\"happyforms-part__label-container\">\n\t\t\t\t<label for=\"happyforms-273_single_line_text_8\" class=\"happyforms-part__label\">\n\t\t\t<span class=\"label\">PLZ:*<\/span>\n\t\t\t\t\t\t\t\t\t\t<span class=\"happyforms-required\"><\/span>\n\t\t\t\t\t\t\t\t\t\t<span class=\"happyforms-optional\">(optional)<\/span>\n\t\t\t\t\t<\/label>\n\t\t\t<\/div>\n\t\t\t\n\t\t\n\t\t<div class=\"happyforms-part__el\">\n\t\t\t\n\t\t\t\n\t\t\t<div class=\"happyforms-input\">\n\t\t\t\t\n\t\t\t\t<input id=\"happyforms-273_single_line_text_8\" type=\"text\" name=\"273_single_line_text_8\" value=\"\" placeholder=\"\" autocomplete=\"off\" spellcheck=\"false\"  autocorrect=\"off\" \/>\n\t\t\t\t\t\t\t<\/div>\n\n\t\t\t\n\t\t\t\n\t\t\t\t\t<\/div>\n\t<\/div>\n<\/div>\n<div class=\"happyforms-form__part happyforms-part happyforms-part--single_line_text happyforms-part--width-half happyforms-part--label-show\" id=\"happyforms-273_single_line_text_9-part\" data-happyforms-type=\"single_line_text\" data-happyforms-id=\"single_line_text_9\" data-happyforms-required=\"\">\n\t<div class=\"happyforms-part-wrap\">\n\t\t\n\t\t\t\t\t\t<div class=\"happyforms-part__label-container\">\n\t\t\t\t<label for=\"happyforms-273_single_line_text_9\" class=\"happyforms-part__label\">\n\t\t\t<span class=\"label\">Ort:*<\/span>\n\t\t\t\t\t\t\t\t\t\t<span class=\"happyforms-required\"><\/span>\n\t\t\t\t\t\t\t\t\t\t<span class=\"happyforms-optional\">(optional)<\/span>\n\t\t\t\t\t<\/label>\n\t\t\t<\/div>\n\t\t\t\n\t\t\n\t\t<div class=\"happyforms-part__el\">\n\t\t\t\n\t\t\t\n\t\t\t<div class=\"happyforms-input\">\n\t\t\t\t\n\t\t\t\t<input id=\"happyforms-273_single_line_text_9\" type=\"text\" name=\"273_single_line_text_9\" value=\"\" placeholder=\"\" autocomplete=\"off\" spellcheck=\"false\"  autocorrect=\"off\" \/>\n\t\t\t\t\t\t\t<\/div>\n\n\t\t\t\n\t\t\t\n\t\t\t\t\t<\/div>\n\t<\/div>\n<\/div>\n<div class=\"happyforms-part--with-autocomplete happyforms-form__part happyforms-part happyforms-part--email happyforms-part--width-half happyforms-part--label-show\" id=\"happyforms-273_email_2-part\" data-happyforms-type=\"email\" data-happyforms-id=\"email_2\" data-happyforms-required=\"\">\n\t\t<div class=\"happyforms-part-wrap\">\n\t\t\t\t\t\t<div class=\"happyforms-part__label-container\">\n\t\t\t\t<label for=\"happyforms-273_email_2\" class=\"happyforms-part__label\">\n\t\t\t<span class=\"label\">E-Mail-Adresse:*<\/span>\n\t\t\t\t\t\t\t\t\t\t<span class=\"happyforms-required\"><\/span>\n\t\t\t\t\t\t\t\t\t\t<span class=\"happyforms-optional\">(optional)<\/span>\n\t\t\t\t\t<\/label>\n\t\t\t<\/div>\n\t\t\t\n\t\t\n\t\t<div class=\"happyforms-part__el\">\n\t\t\t\n\t\t\t\n\t\t\t<div class=\"happyforms-input\">\n\t\t\t\t<input type=\"email\" name=\"273_email_2\" id=\"happyforms-273_email_2\" value=\"\" placeholder=\"\" autocomplete=\"off\" spellcheck=\"false\"  autocorrect=\"off\" \/>\n\t\t\t\t\t\t\t<\/div>\n\n\t\t\t\n\t\t\t\n\t\t\t\t\t<\/div>\n\t<\/div>\n<\/div>\n<div class=\"happyforms-form__part happyforms-part happyforms-part--single_line_text happyforms-part--width-half happyforms-part--label-show\" id=\"happyforms-273_single_line_text_10-part\" data-happyforms-type=\"single_line_text\" data-happyforms-id=\"single_line_text_10\" data-happyforms-required=\"\">\n\t<div class=\"happyforms-part-wrap\">\n\t\t\n\t\t\t\t\t\t<div class=\"happyforms-part__label-container\">\n\t\t\t\t<label for=\"happyforms-273_single_line_text_10\" class=\"happyforms-part__label\">\n\t\t\t<span class=\"label\">Telefon:*<\/span>\n\t\t\t\t\t\t\t\t\t\t<span class=\"happyforms-required\"><\/span>\n\t\t\t\t\t\t\t\t\t\t<span class=\"happyforms-optional\">(optional)<\/span>\n\t\t\t\t\t<\/label>\n\t\t\t<\/div>\n\t\t\t\n\t\t\n\t\t<div class=\"happyforms-part__el\">\n\t\t\t\n\t\t\t\n\t\t\t<div class=\"happyforms-input\">\n\t\t\t\t\n\t\t\t\t<input id=\"happyforms-273_single_line_text_10\" type=\"text\" name=\"273_single_line_text_10\" value=\"\" placeholder=\"\" autocomplete=\"off\" spellcheck=\"false\"  autocorrect=\"off\" \/>\n\t\t\t\t\t\t\t<\/div>\n\n\t\t\t\n\t\t\t\n\t\t\t\t\t<\/div>\n\t<\/div>\n<\/div>\n<div class=\"happyforms-form__part happyforms-part happyforms-part--multi_line_text happyforms-part--width-full happyforms-part--label-show\" id=\"happyforms-273_multi_line_text_3-part\" data-happyforms-type=\"multi_line_text\" data-happyforms-id=\"multi_line_text_3\" data-happyforms-required=\"\">\n\t<div class=\"happyforms-part-wrap\">\n\t\t\t\t\t\t<div class=\"happyforms-part__label-container\">\n\t\t\t\t<label for=\"happyforms-273_multi_line_text_3\" class=\"happyforms-part__label\">\n\t\t\t<span class=\"label\">Nachricht:*<\/span>\n\t\t\t\t\t\t\t\t\t\t<span class=\"happyforms-required\"><\/span>\n\t\t\t\t\t\t\t\t\t\t<span class=\"happyforms-optional\">(optional)<\/span>\n\t\t\t\t\t<\/label>\n\t\t\t<\/div>\n\t\t\t\n\t\t\n\t\t<div class=\"happyforms-part__el\">\n\t\t\t\n\t\t\t\t\t\t<textarea id=\"happyforms-273_multi_line_text_3\" name=\"273_multi_line_text_3\" rows=\"5\" placeholder=\"\" autocomplete=\"off\" spellcheck=\"false\" autocorrect=\"off\" ><\/textarea>\n\t\t\t\n\t\t\t\n\t\t\t\t\t<\/div>\n\t<\/div>\n<\/div>\n<div class=\"happyforms-part--choice display-type--block happyforms-form__part happyforms-part happyforms-part--checkbox happyforms-part--width-full happyforms-part--label-hidden\" id=\"happyforms-273_checkbox_4-part\" data-happyforms-type=\"checkbox\" data-happyforms-id=\"checkbox_4\" data-happyforms-required=\"\">\n\t<div class=\"happyforms-part-wrap\">\n\t\t\t<div class=\"happyforms-part__label-container\">\n\t\t\t<\/div>\n\t\n\t\t\n\t\t\n\t\t<div class=\"happyforms-part__el\">\n\t\t\t\n\t\t\t\t\t\t\t\t\t\t<div class=\"happyforms-part__option happyforms-part-option\" id=\"checkbox_4_0\">\n\t\t\t\t<label class=\"option-label\">\n\t\t\t\t\t<input type=\"checkbox\" class=\"happyforms-visuallyhidden happyforms-checkbox\" name=\"273_checkbox_4[]\" value=\"0\" data-serialize  autocomplete=\"off\" spellcheck=\"false\"  >\n\t\t\t\t\t<span class=\"checkmark\"><svg xmlns=\"http:\/\/www.w3.org\/2000\/svg\" width=\"12\" height=\"12\" viewBox=\"0 0 24 24\"><path fill=\"currentColor\" d=\"M20.285 2l-11.285 11.567-5.286-5.011-3.714 3.716 9 8.728 15-15.285z\"\/><\/svg><\/span>\n\t\t\t\t\t<span class=\"label-wrap\">\n\t\t\t\t\t\t<span class=\"label\">Ich habe die Datenschutzerkl\u00e4rung und Widerrufshinweise gelesen und akzeptiere die Bestimmungen. Siehe unten am Ende der Seite!*<\/span>\t\t\t\t\t<\/span>\n\t\t\t\t<\/label>\n\t\t\t\t\t\t\t<\/div>\n\t\t\t\n\t\t\t\n\t\t\t\t\t<\/div>\n\t<\/div>\n<\/div>\n\t\t\t\t\t\t<div class=\"happyforms-form__part happyforms-part happyforms-part--submit\">\n\t\t<button type=\"submit\" class=\"happyforms-submit happyforms-button--submit \">Meine Anfrage absenden<\/button>\n\t<\/div>\t\t<\/div>\n\n\t\t\t<\/form>\n\n\t<\/div>\n\n<p>&nbsp;<\/p>\n<p><span style=\"font-size: 14px;\"><em>Das Kontaktformular, welches auf dieser Webseite zur Verf\u00fcgung gestellt wird, erm\u00f6glicht dem Besucher, eine Anfrage per E-Mail (praxis@juttaweis.de) an <\/em><em>Jutta Weis &#8211; Hom\u00f6opathische Praxis zu stellen.<\/em><\/span><br \/>\n<span style=\"font-size: 14px;\"><em>Die hierbei erfassten und gespeicherten Daten dienen ausschlie\u00dflich dem Zweck der hier angebotenen Leistungen und werden streng vertraulich behandelt. Eine Weitergabe an Dritte erfolgt nicht! Sie haben das Recht, jederzeit von uns Auskunft \u00fcber Ihre Daten zu verlangen. Ihr Recht auf Auskunft umfasst insbesondere die Information \u00fcber Ihre Daten, den Zweck und die Dauer der Speicherung.<\/em><\/span><\/p>\n<p><span style=\"font-size: 12px;\"><em>\u00a0<\/em><\/span><\/p>\n","protected":false},"excerpt":{"rendered":"<p>Weitere Informationen sowie u. a. Kostenabsprache erhalten Sie auf E-Mail-Anfrage und \/ oder nutzen Sie einfach das unten stehende Kontaktformular! Ich werde Sie nach Eingang Ihrer Anfrage so bald als m\u00f6glich kontaktieren. &nbsp; Das Kontaktformular, welches auf dieser Webseite zur Verf\u00fcgung gestellt wird, erm\u00f6glicht dem Besucher, eine Anfrage per E-Mail (praxis@juttaweis.de) an Jutta Weis &#8211; &hellip; <a href=\"https:\/\/juttaweis.de\/?page_id=11\" class=\"more-link\"><span class=\"screen-reader-text\">Kontakt<\/span> weiterlesen <span class=\"meta-nav\">&rarr;<\/span><\/a><\/p>\n","protected":false},"author":1,"featured_media":0,"parent":0,"menu_order":2,"comment_status":"closed","ping_status":"closed","template":"","meta":{"footnotes":""},"yoast_head":"<!-- This site is optimized with the Yoast SEO plugin v19.14 - https:\/\/yoast.com\/wordpress\/plugins\/seo\/ -->\n<title>Kontakt - Jutta Weis - Hom\u00f6opathische Praxis<\/title>\n<meta name=\"robots\" content=\"index, follow, max-snippet:-1, max-image-preview:large, max-video-preview:-1\" \/>\n<link rel=\"canonical\" href=\"https:\/\/juttaweis.de\/?page_id=11\" \/>\n<meta property=\"og:locale\" content=\"de_DE\" \/>\n<meta property=\"og:type\" content=\"article\" \/>\n<meta property=\"og:title\" content=\"Kontakt - Jutta Weis - Hom\u00f6opathische Praxis\" \/>\n<meta property=\"og:description\" content=\"Weitere Informationen sowie u. a. Kostenabsprache erhalten Sie auf E-Mail-Anfrage und \/ oder nutzen Sie einfach das unten stehende Kontaktformular! Ich werde Sie nach Eingang Ihrer Anfrage so bald als m\u00f6glich kontaktieren. &nbsp; Das Kontaktformular, welches auf dieser Webseite zur Verf\u00fcgung gestellt wird, erm\u00f6glicht dem Besucher, eine Anfrage per E-Mail (praxis@juttaweis.de) an Jutta Weis &#8211; &hellip; Kontakt weiterlesen &rarr;\" \/>\n<meta property=\"og:url\" content=\"https:\/\/juttaweis.de\/?page_id=11\" \/>\n<meta property=\"og:site_name\" content=\"Jutta Weis - Hom\u00f6opathische Praxis\" \/>\n<meta property=\"article:modified_time\" content=\"2022-11-30T14:27:44+00:00\" \/>\n<meta name=\"twitter:card\" content=\"summary_large_image\" \/>\n<meta name=\"twitter:label1\" content=\"Gesch\u00e4tzte Lesezeit\" \/>\n\t<meta name=\"twitter:data1\" content=\"1 Minute\" \/>\n<script type=\"application\/ld+json\" class=\"yoast-schema-graph\">{\"@context\":\"https:\/\/schema.org\",\"@graph\":[{\"@type\":\"WebPage\",\"@id\":\"https:\/\/juttaweis.de\/?page_id=11\",\"url\":\"https:\/\/juttaweis.de\/?page_id=11\",\"name\":\"Kontakt - Jutta Weis - Hom\u00f6opathische Praxis\",\"isPartOf\":{\"@id\":\"https:\/\/juttaweis.de\/#website\"},\"datePublished\":\"2016-09-23T09:02:05+00:00\",\"dateModified\":\"2022-11-30T14:27:44+00:00\",\"breadcrumb\":{\"@id\":\"https:\/\/juttaweis.de\/?page_id=11#breadcrumb\"},\"inLanguage\":\"de-DE\",\"potentialAction\":[{\"@type\":\"ReadAction\",\"target\":[\"https:\/\/juttaweis.de\/?page_id=11\"]}]},{\"@type\":\"BreadcrumbList\",\"@id\":\"https:\/\/juttaweis.de\/?page_id=11#breadcrumb\",\"itemListElement\":[{\"@type\":\"ListItem\",\"position\":1,\"name\":\"Startseite\",\"item\":\"https:\/\/juttaweis.de\/\"},{\"@type\":\"ListItem\",\"position\":2,\"name\":\"Kontakt\"}]},{\"@type\":\"WebSite\",\"@id\":\"https:\/\/juttaweis.de\/#website\",\"url\":\"https:\/\/juttaweis.de\/\",\"name\":\"Jutta Weis - Hom\u00f6opathische Praxis\",\"description\":\"\",\"potentialAction\":[{\"@type\":\"SearchAction\",\"target\":{\"@type\":\"EntryPoint\",\"urlTemplate\":\"https:\/\/juttaweis.de\/?s={search_term_string}\"},\"query-input\":\"required name=search_term_string\"}],\"inLanguage\":\"de-DE\"}]}<\/script>\n<!-- \/ Yoast SEO plugin. -->","yoast_head_json":{"title":"Kontakt - Jutta Weis - Hom\u00f6opathische Praxis","robots":{"index":"index","follow":"follow","max-snippet":"max-snippet:-1","max-image-preview":"max-image-preview:large","max-video-preview":"max-video-preview:-1"},"canonical":"https:\/\/juttaweis.de\/?page_id=11","og_locale":"de_DE","og_type":"article","og_title":"Kontakt - Jutta Weis - Hom\u00f6opathische Praxis","og_description":"Weitere Informationen sowie u. a. Kostenabsprache erhalten Sie auf E-Mail-Anfrage und \/ oder nutzen Sie einfach das unten stehende Kontaktformular! Ich werde Sie nach Eingang Ihrer Anfrage so bald als m\u00f6glich kontaktieren. &nbsp; Das Kontaktformular, welches auf dieser Webseite zur Verf\u00fcgung gestellt wird, erm\u00f6glicht dem Besucher, eine Anfrage per E-Mail (praxis@juttaweis.de) an Jutta Weis &#8211; &hellip; Kontakt weiterlesen &rarr;","og_url":"https:\/\/juttaweis.de\/?page_id=11","og_site_name":"Jutta Weis - Hom\u00f6opathische Praxis","article_modified_time":"2022-11-30T14:27:44+00:00","twitter_card":"summary_large_image","twitter_misc":{"Gesch\u00e4tzte Lesezeit":"1 Minute"},"schema":{"@context":"https:\/\/schema.org","@graph":[{"@type":"WebPage","@id":"https:\/\/juttaweis.de\/?page_id=11","url":"https:\/\/juttaweis.de\/?page_id=11","name":"Kontakt - Jutta Weis - Hom\u00f6opathische Praxis","isPartOf":{"@id":"https:\/\/juttaweis.de\/#website"},"datePublished":"2016-09-23T09:02:05+00:00","dateModified":"2022-11-30T14:27:44+00:00","breadcrumb":{"@id":"https:\/\/juttaweis.de\/?page_id=11#breadcrumb"},"inLanguage":"de-DE","potentialAction":[{"@type":"ReadAction","target":["https:\/\/juttaweis.de\/?page_id=11"]}]},{"@type":"BreadcrumbList","@id":"https:\/\/juttaweis.de\/?page_id=11#breadcrumb","itemListElement":[{"@type":"ListItem","position":1,"name":"Startseite","item":"https:\/\/juttaweis.de\/"},{"@type":"ListItem","position":2,"name":"Kontakt"}]},{"@type":"WebSite","@id":"https:\/\/juttaweis.de\/#website","url":"https:\/\/juttaweis.de\/","name":"Jutta Weis - Hom\u00f6opathische Praxis","description":"","potentialAction":[{"@type":"SearchAction","target":{"@type":"EntryPoint","urlTemplate":"https:\/\/juttaweis.de\/?s={search_term_string}"},"query-input":"required name=search_term_string"}],"inLanguage":"de-DE"}]}},"_links":{"self":[{"href":"https:\/\/juttaweis.de\/index.php?rest_route=\/wp\/v2\/pages\/11"}],"collection":[{"href":"https:\/\/juttaweis.de\/index.php?rest_route=\/wp\/v2\/pages"}],"about":[{"href":"https:\/\/juttaweis.de\/index.php?rest_route=\/wp\/v2\/types\/page"}],"author":[{"embeddable":true,"href":"https:\/\/juttaweis.de\/index.php?rest_route=\/wp\/v2\/users\/1"}],"replies":[{"embeddable":true,"href":"https:\/\/juttaweis.de\/index.php?rest_route=%2Fwp%2Fv2%2Fcomments&post=11"}],"version-history":[{"count":27,"href":"https:\/\/juttaweis.de\/index.php?rest_route=\/wp\/v2\/pages\/11\/revisions"}],"predecessor-version":[{"id":282,"href":"https:\/\/juttaweis.de\/index.php?rest_route=\/wp\/v2\/pages\/11\/revisions\/282"}],"wp:attachment":[{"href":"https:\/\/juttaweis.de\/index.php?rest_route=%2Fwp%2Fv2%2Fmedia&parent=11"}],"curies":[{"name":"wp","href":"https:\/\/api.w.org\/{rel}","templated":true}]}}