{"id":17,"date":"2016-09-29T06:45:54","date_gmt":"2016-09-29T06:45:54","guid":{"rendered":"http:\/\/juttaweis.de\/WordPress_01\/?page_id=17"},"modified":"2022-11-30T14:26:38","modified_gmt":"2022-11-30T14:26:38","slug":"impressum","status":"publish","type":"page","link":"https:\/\/juttaweis.de\/?page_id=17","title":{"rendered":"Datenschutz | Impressum"},"content":{"rendered":"<h1>Datenschutz | Impressum<\/h1>\n<h2>Angaben gem\u00e4\u00df \u00a7 5 TMG:<\/h2>\n<p><strong>Jutta Weis \u2013 Heilpraktikerin \u2013 Hom\u00f6opathie<\/strong><br \/>\nSeestra\u00dfe 43\/1<br \/>\n88214 Ravensburg<\/p>\n<h2>Kontakt:<\/h2>\n<table>\n<tbody>\n<tr>\n<td>Telefon:<\/td>\n<td>0751 95889658<\/td>\n<\/tr>\n<tr>\n<td>E-Mail:<\/td>\n<td>praxis(at)juttaweis.de<\/td>\n<\/tr>\n<\/tbody>\n<\/table>\n<h2>Aufsichtsbeh\u00f6rde:<\/h2>\n<p>Kreisgesundheitsamt Biberach<br \/>\nRollinstra\u00dfe 17, 88400 Biberach<\/p>\n<p>Berufsbezeichnung: Heilpraktiker Heilpraktiker\/in (Bundesrepublik Deutschland)<\/p>\n<h3>Beh\u00f6rdliche Zulassung:<\/h3>\n<p>Erlaubnis nach \u00a71 Heilpraktikergesetz zur berufsm\u00e4\u00dfigen Aus\u00fcbung der Heilkunde ohne Bestallung durch das Gesundheitsamt T\u00fcbingen vom 08.01.2013.<\/p>\n<h3>Berufsrechtliche Regelungen und Zugang zu diesen Regelungen:<\/h3>\n<p>Heilpraktikergesetz (HeilprG, BGBl. III 2122-2) &#8211; Gesetz \u00fcber die berufsm\u00e4\u00dfige Aus\u00fcbung der Heilkunde ohne Bestallung<br \/>\nErste Durchf\u00fchrungsverordnung zum Gesetz \u00fcber die berufsm\u00e4\u00dfige Aus\u00fcbung der Heilkunde ohne Bestallung (HeilprGDV1, BGBl. III 2122-2-1)<br \/>\nDie Gesetze k\u00f6nnen auf der Internetseite des Bundesministeriums der Justiz eingesehen werden: <a href=\"http:\/\/www.gesetze-im-internet.de\/\" target=\"_blank\" rel=\"noopener\"><span style=\"color: #0066cc;\">www.gesetze-im-internet.de<\/span><\/a><\/p>\n<h3>Zust\u00e4ndige Finanzbeh\u00f6rde:<\/h3>\n<p>Finanzamt Biberach<br \/>\nBahnhofstra\u00dfe 11<br \/>\n88400 Biberach<\/p>\n<p><em>Nach \u00a7 14a UStG von der Umsatzsteuer befreit.<\/em><\/p>\n<h3>Verantwortlich f\u00fcr den Inhalt nach \u00a7 55 Abs. 2 RStV:<\/h3>\n<p>Jutta Weis<\/p>\n<h3>Haftungsausschluss:<\/h3>\n<p><strong>Haftung f\u00fcr Inhalte<\/strong><\/p>\n<p>Die Inhalte meiner Seiten wurden mit gr\u00f6\u00dfter Sorgfalt erstellt. F\u00fcr die Richtigkeit, Vollst\u00e4ndigkeit und Aktualit\u00e4t der Inhalte kann ich\u00a0jedoch keine Gew\u00e4hr \u00fcbernehmen. Als Diensteanbieter bin ich gem\u00e4\u00df \u00a7 7 Abs.1 TMG f\u00fcr eigene Inhalte auf diesen Seiten nach den allgemeinen Gesetzen verantwortlich. Nach \u00a7\u00a7 8 bis 10 TMG bin ich\u00a0als Diensteanbieter jedoch nicht verpflichtet, \u00fcbermittelte oder gespeicherte fremde Informationen zu \u00fcberwachen oder nach Umst\u00e4nden zu forschen, die auf eine rechtswidrige T\u00e4tigkeit hinweisen. Verpflichtungen zur Entfernung oder Sperrung der Nutzung von Informationen nach den allgemeinen Gesetzen bleiben hiervon unber\u00fchrt. Eine diesbez\u00fcgliche Haftung ist jedoch erst ab dem Zeitpunkt der Kenntnis einer konkreten Rechtsverletzung m\u00f6glich. Bei Bekanntwerden von entsprechenden Rechtsverletzungen werde ich\u00a0diese Inhalte umgehend entfernen.<\/p>\n<p><strong>Haftung f\u00fcr Links<\/strong><\/p>\n<p>Mein Angebot enth\u00e4lt Links zu externen Webseiten Dritter, auf deren Inhalte ich keinen Einfluss habe. Deshalb kann ich\u00a0f\u00fcr diese fremden Inhalte auch keine Gew\u00e4hr \u00fcbernehmen. F\u00fcr die Inhalte der verlinkten Seiten ist stets der jeweilige Anbieter oder Betreiber der Seiten verantwortlich. Die verlinkten Seiten wurden zum Zeitpunkt der Verlinkung auf m\u00f6gliche Rechtsverst\u00f6\u00dfe \u00fcberpr\u00fcft. Rechtswidrige Inhalte waren zum Zeitpunkt der Verlinkung nicht erkennbar. Eine permanente inhaltliche Kontrolle der verlinkten Seiten ist jedoch ohne konkrete Anhaltspunkte einer Rechtsverletzung nicht zumutbar. Bei Bekanntwerden von Rechtsverletzungen werde ich\u00a0derartige Links umgehend entfernen.<\/p>\n<p><strong>Urheberrecht<\/strong><\/p>\n<p>Die durch die Seitenbetreiber erstellten Inhalte und Werke auf diesen Seiten unterliegen dem deutschen Urheberrecht. Die Vervielf\u00e4ltigung, Bearbeitung, Verbreitung und jede Art der Verwertung au\u00dferhalb der Grenzen des Urheberrechtes bed\u00fcrfen der schriftlichen Zustimmung des jeweiligen Autors bzw. Erstellers. Downloads und Kopien dieser Seite sind nur f\u00fcr den privaten, nicht kommerziellen Gebrauch gestattet. Soweit die Inhalte auf dieser Seite nicht vom Betreiber erstellt wurden, werden die Urheberrechte Dritter beachtet. Insbesondere werden Inhalte Dritter als solche gekennzeichnet. Sollten Sie trotzdem auf eine Urheberrechtsverletzung aufmerksam werden, bitte ich\u00a0um einen entsprechenden Hinweis. Bei Bekanntwerden von Rechtsverletzungen werde ich\u00a0derartige Inhalte umgehend entfernen.<\/p>\n<p><strong>Datenschutz<\/strong><\/p>\n<p>Die Nutzung unserer Webseite ist in der Regel ohne Angabe personenbezogener Daten m\u00f6glich. Soweit auf meinen Seiten personenbezogene Daten (beispielsweise Name, Anschrift oder eMail-Adressen) erhoben werden, erfolgt dies, soweit m\u00f6glich, stets auf freiwilliger Basis. Diese Daten werden ohne Ihre ausdr\u00fcckliche Zustimmung nicht an Dritte weitergegeben.<\/p>\n<p>Ich weise darauf hin, dass die Daten\u00fcbertragung im Internet (z.B. bei der Kommunikation per E-Mail) Sicherheitsl\u00fccken aufweisen kann. Ein l\u00fcckenloser Schutz der Daten vor dem Zugriff durch Dritte ist nicht m\u00f6glich.<\/p>\n<p>Der Nutzung von im Rahmen der Impressumspflicht ver\u00f6ffentlichten Kontaktdaten durch Dritte zur \u00dcbersendung von nicht ausdr\u00fccklich angeforderter Werbung und Informationsmaterialien wird hiermit ausdr\u00fccklich widersprochen. Die Betreiber der Seiten behalten sich ausdr\u00fccklich rechtliche Schritte im Falle der unverlangten Zusendung von Werbeinformationen, etwa durch Spam-Mails, vor.<\/p>\n<p><strong>Anmerkung zum Kontaktformular<\/strong><\/p>\n<p>Das Kontaktformular, welches auf dieser Webseite zur Verf\u00fcgung gestellt wird, erm\u00f6glicht dem Besucher, eine Anfrage per E-Mail (praxis@juttaweis.de) an<br \/>\nJutta Weis \u2013 Hom\u00f6opathische Praxis zu stellen.<br \/>\nDie hierbei erfassten und gespeicherten Daten dienen ausschlie\u00dflich dem Zweck der hier angebotenen Leistungen und werden streng vertraulich behandelt. Eine Weitergabe an Dritte erfolgt nicht! Sie haben das Recht, jederzeit von uns Auskunft \u00fcber Ihre Daten zu verlangen. Ihr Recht auf Auskunft umfasst insbesondere die Information \u00fcber Ihre Daten, den Zweck und die Dauer der Speicherung.<\/p>\n","protected":false},"excerpt":{"rendered":"<p>Datenschutz | Impressum Angaben gem\u00e4\u00df \u00a7 5 TMG: Jutta Weis \u2013 Heilpraktikerin \u2013 Hom\u00f6opathie Seestra\u00dfe 43\/1 88214 Ravensburg Kontakt: Telefon: 0751 95889658 E-Mail: praxis(at)juttaweis.de Aufsichtsbeh\u00f6rde: Kreisgesundheitsamt Biberach Rollinstra\u00dfe 17, 88400 Biberach Berufsbezeichnung: Heilpraktiker Heilpraktiker\/in (Bundesrepublik Deutschland) Beh\u00f6rdliche Zulassung: Erlaubnis nach \u00a71 Heilpraktikergesetz zur berufsm\u00e4\u00dfigen Aus\u00fcbung der Heilkunde ohne Bestallung durch das Gesundheitsamt T\u00fcbingen vom 08.01.2013. &hellip; <a href=\"https:\/\/juttaweis.de\/?page_id=17\" class=\"more-link\"><span class=\"screen-reader-text\">Datenschutz | Impressum<\/span> weiterlesen <span class=\"meta-nav\">&rarr;<\/span><\/a><\/p>\n","protected":false},"author":1,"featured_media":0,"parent":0,"menu_order":0,"comment_status":"closed","ping_status":"closed","template":"","meta":{"footnotes":""},"yoast_head":"<!-- This site is optimized with the Yoast SEO plugin v19.14 - https:\/\/yoast.com\/wordpress\/plugins\/seo\/ -->\n<title>Datenschutz | Impressum - Jutta Weis - Hom\u00f6opathische Praxis<\/title>\n<meta name=\"robots\" content=\"index, follow, max-snippet:-1, max-image-preview:large, max-video-preview:-1\" \/>\n<link rel=\"canonical\" href=\"https:\/\/juttaweis.de\/?page_id=17\" \/>\n<meta property=\"og:locale\" content=\"de_DE\" \/>\n<meta property=\"og:type\" content=\"article\" \/>\n<meta property=\"og:title\" content=\"Datenschutz | Impressum - Jutta Weis - Hom\u00f6opathische Praxis\" \/>\n<meta property=\"og:description\" content=\"Datenschutz | Impressum Angaben gem\u00e4\u00df \u00a7 5 TMG: Jutta Weis \u2013 Heilpraktikerin \u2013 Hom\u00f6opathie Seestra\u00dfe 43\/1 88214 Ravensburg Kontakt: Telefon: 0751 95889658 E-Mail: praxis(at)juttaweis.de Aufsichtsbeh\u00f6rde: Kreisgesundheitsamt Biberach Rollinstra\u00dfe 17, 88400 Biberach Berufsbezeichnung: Heilpraktiker Heilpraktiker\/in (Bundesrepublik Deutschland) Beh\u00f6rdliche Zulassung: Erlaubnis nach \u00a71 Heilpraktikergesetz zur berufsm\u00e4\u00dfigen Aus\u00fcbung der Heilkunde ohne Bestallung durch das Gesundheitsamt T\u00fcbingen vom 08.01.2013. &hellip; Datenschutz | Impressum weiterlesen &rarr;\" \/>\n<meta property=\"og:url\" content=\"https:\/\/juttaweis.de\/?page_id=17\" \/>\n<meta property=\"og:site_name\" content=\"Jutta Weis - Hom\u00f6opathische Praxis\" \/>\n<meta property=\"article:modified_time\" content=\"2022-11-30T14:26:38+00:00\" \/>\n<meta name=\"twitter:card\" content=\"summary_large_image\" \/>\n<meta name=\"twitter:label1\" content=\"Gesch\u00e4tzte Lesezeit\" \/>\n\t<meta name=\"twitter:data1\" content=\"4 Minuten\" \/>\n<script type=\"application\/ld+json\" class=\"yoast-schema-graph\">{\"@context\":\"https:\/\/schema.org\",\"@graph\":[{\"@type\":\"WebPage\",\"@id\":\"https:\/\/juttaweis.de\/?page_id=17\",\"url\":\"https:\/\/juttaweis.de\/?page_id=17\",\"name\":\"Datenschutz | Impressum - Jutta Weis - Hom\u00f6opathische Praxis\",\"isPartOf\":{\"@id\":\"https:\/\/juttaweis.de\/#website\"},\"datePublished\":\"2016-09-29T06:45:54+00:00\",\"dateModified\":\"2022-11-30T14:26:38+00:00\",\"breadcrumb\":{\"@id\":\"https:\/\/juttaweis.de\/?page_id=17#breadcrumb\"},\"inLanguage\":\"de-DE\",\"potentialAction\":[{\"@type\":\"ReadAction\",\"target\":[\"https:\/\/juttaweis.de\/?page_id=17\"]}]},{\"@type\":\"BreadcrumbList\",\"@id\":\"https:\/\/juttaweis.de\/?page_id=17#breadcrumb\",\"itemListElement\":[{\"@type\":\"ListItem\",\"position\":1,\"name\":\"Startseite\",\"item\":\"https:\/\/juttaweis.de\/\"},{\"@type\":\"ListItem\",\"position\":2,\"name\":\"Datenschutz | Impressum\"}]},{\"@type\":\"WebSite\",\"@id\":\"https:\/\/juttaweis.de\/#website\",\"url\":\"https:\/\/juttaweis.de\/\",\"name\":\"Jutta Weis - Hom\u00f6opathische Praxis\",\"description\":\"\",\"potentialAction\":[{\"@type\":\"SearchAction\",\"target\":{\"@type\":\"EntryPoint\",\"urlTemplate\":\"https:\/\/juttaweis.de\/?s={search_term_string}\"},\"query-input\":\"required name=search_term_string\"}],\"inLanguage\":\"de-DE\"}]}<\/script>\n<!-- \/ Yoast SEO plugin. -->","yoast_head_json":{"title":"Datenschutz | Impressum - Jutta Weis - Hom\u00f6opathische Praxis","robots":{"index":"index","follow":"follow","max-snippet":"max-snippet:-1","max-image-preview":"max-image-preview:large","max-video-preview":"max-video-preview:-1"},"canonical":"https:\/\/juttaweis.de\/?page_id=17","og_locale":"de_DE","og_type":"article","og_title":"Datenschutz | Impressum - Jutta Weis - Hom\u00f6opathische Praxis","og_description":"Datenschutz | Impressum Angaben gem\u00e4\u00df \u00a7 5 TMG: Jutta Weis \u2013 Heilpraktikerin \u2013 Hom\u00f6opathie Seestra\u00dfe 43\/1 88214 Ravensburg Kontakt: Telefon: 0751 95889658 E-Mail: praxis(at)juttaweis.de Aufsichtsbeh\u00f6rde: Kreisgesundheitsamt Biberach Rollinstra\u00dfe 17, 88400 Biberach Berufsbezeichnung: Heilpraktiker Heilpraktiker\/in (Bundesrepublik Deutschland) Beh\u00f6rdliche Zulassung: Erlaubnis nach \u00a71 Heilpraktikergesetz zur berufsm\u00e4\u00dfigen Aus\u00fcbung der Heilkunde ohne Bestallung durch das Gesundheitsamt T\u00fcbingen vom 08.01.2013. &hellip; Datenschutz | Impressum weiterlesen &rarr;","og_url":"https:\/\/juttaweis.de\/?page_id=17","og_site_name":"Jutta Weis - Hom\u00f6opathische Praxis","article_modified_time":"2022-11-30T14:26:38+00:00","twitter_card":"summary_large_image","twitter_misc":{"Gesch\u00e4tzte Lesezeit":"4 Minuten"},"schema":{"@context":"https:\/\/schema.org","@graph":[{"@type":"WebPage","@id":"https:\/\/juttaweis.de\/?page_id=17","url":"https:\/\/juttaweis.de\/?page_id=17","name":"Datenschutz | Impressum - Jutta Weis - Hom\u00f6opathische Praxis","isPartOf":{"@id":"https:\/\/juttaweis.de\/#website"},"datePublished":"2016-09-29T06:45:54+00:00","dateModified":"2022-11-30T14:26:38+00:00","breadcrumb":{"@id":"https:\/\/juttaweis.de\/?page_id=17#breadcrumb"},"inLanguage":"de-DE","potentialAction":[{"@type":"ReadAction","target":["https:\/\/juttaweis.de\/?page_id=17"]}]},{"@type":"BreadcrumbList","@id":"https:\/\/juttaweis.de\/?page_id=17#breadcrumb","itemListElement":[{"@type":"ListItem","position":1,"name":"Startseite","item":"https:\/\/juttaweis.de\/"},{"@type":"ListItem","position":2,"name":"Datenschutz | Impressum"}]},{"@type":"WebSite","@id":"https:\/\/juttaweis.de\/#website","url":"https:\/\/juttaweis.de\/","name":"Jutta Weis - Hom\u00f6opathische Praxis","description":"","potentialAction":[{"@type":"SearchAction","target":{"@type":"EntryPoint","urlTemplate":"https:\/\/juttaweis.de\/?s={search_term_string}"},"query-input":"required name=search_term_string"}],"inLanguage":"de-DE"}]}},"_links":{"self":[{"href":"https:\/\/juttaweis.de\/index.php?rest_route=\/wp\/v2\/pages\/17"}],"collection":[{"href":"https:\/\/juttaweis.de\/index.php?rest_route=\/wp\/v2\/pages"}],"about":[{"href":"https:\/\/juttaweis.de\/index.php?rest_route=\/wp\/v2\/types\/page"}],"author":[{"embeddable":true,"href":"https:\/\/juttaweis.de\/index.php?rest_route=\/wp\/v2\/users\/1"}],"replies":[{"embeddable":true,"href":"https:\/\/juttaweis.de\/index.php?rest_route=%2Fwp%2Fv2%2Fcomments&post=17"}],"version-history":[{"count":15,"href":"https:\/\/juttaweis.de\/index.php?rest_route=\/wp\/v2\/pages\/17\/revisions"}],"predecessor-version":[{"id":280,"href":"https:\/\/juttaweis.de\/index.php?rest_route=\/wp\/v2\/pages\/17\/revisions\/280"}],"wp:attachment":[{"href":"https:\/\/juttaweis.de\/index.php?rest_route=%2Fwp%2Fv2%2Fmedia&parent=17"}],"curies":[{"name":"wp","href":"https:\/\/api.w.org\/{rel}","templated":true}]}}