{"id":2,"date":"2016-05-10T03:48:21","date_gmt":"2016-05-10T03:48:21","guid":{"rendered":"http:\/\/wp452m.a10-52-158-154.qa.plesk.ru\/wordpress\/?page_id=2"},"modified":"2022-08-16T11:42:44","modified_gmt":"2022-08-16T11:42:44","slug":"jutta-weis-praxis-fuer-klassische-homoeopathie","status":"publish","type":"page","link":"https:\/\/juttaweis.de\/","title":{"rendered":"Startseite"},"content":{"rendered":"<p><span style=\"font-size: 28px;\"><span style=\"color: #4e56b3;\"><strong><img loading=\"lazy\" decoding=\"async\" class=\"alignright wp-image-166\" src=\"https:\/\/juttaweis.de\/wp-content\/uploads\/2016\/05\/Jutta-Weis-Foto--150x150.jpg\" alt=\"\" width=\"200\" height=\"267\" srcset=\"https:\/\/juttaweis.de\/wp-content\/uploads\/2016\/05\/Jutta-Weis-Foto--225x300.jpg 225w, https:\/\/juttaweis.de\/wp-content\/uploads\/2016\/05\/Jutta-Weis-Foto-.jpg 612w\" sizes=\"(max-width: 200px) 100vw, 200px\" \/><\/strong><\/span><\/span><\/p>\n<p><span style=\"font-size: 28px; color: #4e56b3;\"><strong>Herzlich willkommen auf meiner<\/strong><\/span><br \/>\n<span style=\"font-size: 20px; color: #4e56b3;\"> <strong><span style=\"font-size: 28px;\"> Webseite &#8211; sch\u00f6n, dass Sie da sind!<\/span><br \/>\n<\/strong><\/span><\/p>\n<p>&nbsp;<\/p>\n<h2 style=\"text-align: center;\"><img loading=\"lazy\" decoding=\"async\" class=\"aligncenter size-medium wp-image-230\" src=\"https:\/\/juttaweis.de\/wp-content\/uploads\/2022\/07\/Bluete_mit_Text_V1-298x300.png\" alt=\"\" width=\"298\" height=\"300\" srcset=\"https:\/\/juttaweis.de\/wp-content\/uploads\/2022\/07\/Bluete_mit_Text_V1-298x300.png 298w, https:\/\/juttaweis.de\/wp-content\/uploads\/2022\/07\/Bluete_mit_Text_V1-150x150.png 150w, https:\/\/juttaweis.de\/wp-content\/uploads\/2022\/07\/Bluete_mit_Text_V1-144x144.png 144w, https:\/\/juttaweis.de\/wp-content\/uploads\/2022\/07\/Bluete_mit_Text_V1.png 548w\" sizes=\"(max-width: 298px) 100vw, 298px\" \/><\/h2>\n<p>&nbsp;<\/p>\n<p>Die Hom\u00f6opathie geht zur\u00fcck auf ihren Begr\u00fcnder Samuel Hahnemann (1755-1843), ein Arzt und Apotheker, der vor etwa 200 Jahren in Deutschland und sp\u00e4ter in Frankreich lebte und wirkte. Seither wurde die Hom\u00f6opathie auf der Basis von Hahnemanns Lehre von seinen Nachfolgern st\u00e4ndig weiterentwickelt und vertieft.<\/p>\n<p>Sie ist eine ganzheitliche Therapie, d. h. sie hat nicht nur die Krankheit, sondern auch den K\u00f6rper, die Seele, den Geist des Menschen und soweit m\u00f6glich seine Lebensumst\u00e4nde im Blick. In ihrem Verst\u00e4ndnis ist Krankheit durch eine Schw\u00e4chung der Lebenskraft, der Lebensenergie und dem Immunsystem\u00a0 bedingt.<\/p>\n<p><img loading=\"lazy\" decoding=\"async\" class=\"aligncenter size-full wp-image-55\" src=\"https:\/\/juttaweis.de\/wp-content\/uploads\/2016\/05\/2016-05-28-19.25.45_prep.jpg\" alt=\"2016-05-28-19-25-45_prep\" width=\"900\" height=\"503\" srcset=\"https:\/\/juttaweis.de\/wp-content\/uploads\/2016\/05\/2016-05-28-19.25.45_prep.jpg 900w, https:\/\/juttaweis.de\/wp-content\/uploads\/2016\/05\/2016-05-28-19.25.45_prep-300x168.jpg 300w, https:\/\/juttaweis.de\/wp-content\/uploads\/2016\/05\/2016-05-28-19.25.45_prep-768x429.jpg 768w\" sizes=\"(max-width: 900px) 100vw, 900px\" \/><\/p>\n<p>Sie m\u00f6chten mehr erfahren? Dann klicken Sie <a href=\"https:\/\/juttaweis.de\/?page_id=45\"><strong>hier<\/strong><\/a>!<\/p>\n<p><strong><span style=\"color: black;\">Anamnesebogen<\/span><\/strong><br \/>\n<a href=\"https:\/\/juttaweis.de\/wp-content\/uploads\/2022\/08\/Erstanamnese-Fallaufnahme-verschluesselt.docx\" target=\"_blank\" rel=\"noreferrer noopener\" data-type=\"URL\" data-id=\"https:\/\/juttaweis.de\/wp-content\/uploads\/2022\/08\/Erstanamnese-Fallaufnahme-verschluesselt.docx\"><span style=\"color: black;\">Zum Download<\/span><\/a><\/p>\n","protected":false},"excerpt":{"rendered":"<p>Herzlich willkommen auf meiner Webseite &#8211; sch\u00f6n, dass Sie da sind! &nbsp; &nbsp; Die Hom\u00f6opathie geht zur\u00fcck auf ihren Begr\u00fcnder Samuel Hahnemann (1755-1843), ein Arzt und Apotheker, der vor etwa 200 Jahren in Deutschland und sp\u00e4ter in Frankreich lebte und wirkte. Seither wurde die Hom\u00f6opathie auf der Basis von Hahnemanns Lehre von seinen Nachfolgern st\u00e4ndig &hellip; <a href=\"https:\/\/juttaweis.de\/\" class=\"more-link\"><span class=\"screen-reader-text\">Startseite<\/span> weiterlesen <span class=\"meta-nav\">&rarr;<\/span><\/a><\/p>\n","protected":false},"author":1,"featured_media":0,"parent":0,"menu_order":0,"comment_status":"closed","ping_status":"open","template":"","meta":{"footnotes":""},"yoast_head":"<!-- This site is optimized with the Yoast SEO plugin v19.14 - https:\/\/yoast.com\/wordpress\/plugins\/seo\/ -->\n<title>Startseite - Jutta Weis - Hom\u00f6opathische Praxis<\/title>\n<meta name=\"robots\" content=\"index, follow, max-snippet:-1, max-image-preview:large, max-video-preview:-1\" \/>\n<link rel=\"canonical\" href=\"https:\/\/juttaweis.de\/\" \/>\n<meta property=\"og:locale\" content=\"de_DE\" \/>\n<meta property=\"og:type\" content=\"article\" \/>\n<meta property=\"og:title\" content=\"Startseite - Jutta Weis - Hom\u00f6opathische Praxis\" \/>\n<meta property=\"og:description\" content=\"Herzlich willkommen auf meiner Webseite &#8211; sch\u00f6n, dass Sie da sind! &nbsp; &nbsp; Die Hom\u00f6opathie geht zur\u00fcck auf ihren Begr\u00fcnder Samuel Hahnemann (1755-1843), ein Arzt und Apotheker, der vor etwa 200 Jahren in Deutschland und sp\u00e4ter in Frankreich lebte und wirkte. Seither wurde die Hom\u00f6opathie auf der Basis von Hahnemanns Lehre von seinen Nachfolgern st\u00e4ndig &hellip; Startseite weiterlesen &rarr;\" \/>\n<meta property=\"og:url\" content=\"https:\/\/juttaweis.de\/\" \/>\n<meta property=\"og:site_name\" content=\"Jutta Weis - Hom\u00f6opathische Praxis\" \/>\n<meta property=\"article:modified_time\" content=\"2022-08-16T11:42:44+00:00\" \/>\n<meta property=\"og:image\" content=\"https:\/\/juttaweis.de\/wp-content\/uploads\/2016\/05\/Jutta-Weis-Foto--150x150.jpg\" \/>\n<meta name=\"twitter:card\" content=\"summary_large_image\" \/>\n<meta name=\"twitter:label1\" content=\"Gesch\u00e4tzte Lesezeit\" \/>\n\t<meta name=\"twitter:data1\" content=\"2 Minuten\" \/>\n<script type=\"application\/ld+json\" class=\"yoast-schema-graph\">{\"@context\":\"https:\/\/schema.org\",\"@graph\":[{\"@type\":\"WebPage\",\"@id\":\"https:\/\/juttaweis.de\/\",\"url\":\"https:\/\/juttaweis.de\/\",\"name\":\"Startseite - Jutta Weis - Hom\u00f6opathische Praxis\",\"isPartOf\":{\"@id\":\"https:\/\/juttaweis.de\/#website\"},\"datePublished\":\"2016-05-10T03:48:21+00:00\",\"dateModified\":\"2022-08-16T11:42:44+00:00\",\"breadcrumb\":{\"@id\":\"https:\/\/juttaweis.de\/#breadcrumb\"},\"inLanguage\":\"de-DE\",\"potentialAction\":[{\"@type\":\"ReadAction\",\"target\":[\"https:\/\/juttaweis.de\/\"]}]},{\"@type\":\"BreadcrumbList\",\"@id\":\"https:\/\/juttaweis.de\/#breadcrumb\",\"itemListElement\":[{\"@type\":\"ListItem\",\"position\":1,\"name\":\"Startseite\",\"item\":\"https:\/\/juttaweis.de\/\"},{\"@type\":\"ListItem\",\"position\":2,\"name\":\"Startseite\"}]},{\"@type\":\"WebSite\",\"@id\":\"https:\/\/juttaweis.de\/#website\",\"url\":\"https:\/\/juttaweis.de\/\",\"name\":\"Jutta Weis - Hom\u00f6opathische Praxis\",\"description\":\"\",\"potentialAction\":[{\"@type\":\"SearchAction\",\"target\":{\"@type\":\"EntryPoint\",\"urlTemplate\":\"https:\/\/juttaweis.de\/?s={search_term_string}\"},\"query-input\":\"required name=search_term_string\"}],\"inLanguage\":\"de-DE\"}]}<\/script>\n<!-- \/ Yoast SEO plugin. -->","yoast_head_json":{"title":"Startseite - Jutta Weis - Hom\u00f6opathische Praxis","robots":{"index":"index","follow":"follow","max-snippet":"max-snippet:-1","max-image-preview":"max-image-preview:large","max-video-preview":"max-video-preview:-1"},"canonical":"https:\/\/juttaweis.de\/","og_locale":"de_DE","og_type":"article","og_title":"Startseite - Jutta Weis - Hom\u00f6opathische Praxis","og_description":"Herzlich willkommen auf meiner Webseite &#8211; sch\u00f6n, dass Sie da sind! &nbsp; &nbsp; Die Hom\u00f6opathie geht zur\u00fcck auf ihren Begr\u00fcnder Samuel Hahnemann (1755-1843), ein Arzt und Apotheker, der vor etwa 200 Jahren in Deutschland und sp\u00e4ter in Frankreich lebte und wirkte. Seither wurde die Hom\u00f6opathie auf der Basis von Hahnemanns Lehre von seinen Nachfolgern st\u00e4ndig &hellip; Startseite weiterlesen &rarr;","og_url":"https:\/\/juttaweis.de\/","og_site_name":"Jutta Weis - Hom\u00f6opathische Praxis","article_modified_time":"2022-08-16T11:42:44+00:00","og_image":[{"url":"https:\/\/juttaweis.de\/wp-content\/uploads\/2016\/05\/Jutta-Weis-Foto--150x150.jpg"}],"twitter_card":"summary_large_image","twitter_misc":{"Gesch\u00e4tzte Lesezeit":"2 Minuten"},"schema":{"@context":"https:\/\/schema.org","@graph":[{"@type":"WebPage","@id":"https:\/\/juttaweis.de\/","url":"https:\/\/juttaweis.de\/","name":"Startseite - Jutta Weis - Hom\u00f6opathische Praxis","isPartOf":{"@id":"https:\/\/juttaweis.de\/#website"},"datePublished":"2016-05-10T03:48:21+00:00","dateModified":"2022-08-16T11:42:44+00:00","breadcrumb":{"@id":"https:\/\/juttaweis.de\/#breadcrumb"},"inLanguage":"de-DE","potentialAction":[{"@type":"ReadAction","target":["https:\/\/juttaweis.de\/"]}]},{"@type":"BreadcrumbList","@id":"https:\/\/juttaweis.de\/#breadcrumb","itemListElement":[{"@type":"ListItem","position":1,"name":"Startseite","item":"https:\/\/juttaweis.de\/"},{"@type":"ListItem","position":2,"name":"Startseite"}]},{"@type":"WebSite","@id":"https:\/\/juttaweis.de\/#website","url":"https:\/\/juttaweis.de\/","name":"Jutta Weis - Hom\u00f6opathische Praxis","description":"","potentialAction":[{"@type":"SearchAction","target":{"@type":"EntryPoint","urlTemplate":"https:\/\/juttaweis.de\/?s={search_term_string}"},"query-input":"required name=search_term_string"}],"inLanguage":"de-DE"}]}},"_links":{"self":[{"href":"https:\/\/juttaweis.de\/index.php?rest_route=\/wp\/v2\/pages\/2"}],"collection":[{"href":"https:\/\/juttaweis.de\/index.php?rest_route=\/wp\/v2\/pages"}],"about":[{"href":"https:\/\/juttaweis.de\/index.php?rest_route=\/wp\/v2\/types\/page"}],"author":[{"embeddable":true,"href":"https:\/\/juttaweis.de\/index.php?rest_route=\/wp\/v2\/users\/1"}],"replies":[{"embeddable":true,"href":"https:\/\/juttaweis.de\/index.php?rest_route=%2Fwp%2Fv2%2Fcomments&post=2"}],"version-history":[{"count":39,"href":"https:\/\/juttaweis.de\/index.php?rest_route=\/wp\/v2\/pages\/2\/revisions"}],"predecessor-version":[{"id":266,"href":"https:\/\/juttaweis.de\/index.php?rest_route=\/wp\/v2\/pages\/2\/revisions\/266"}],"wp:attachment":[{"href":"https:\/\/juttaweis.de\/index.php?rest_route=%2Fwp%2Fv2%2Fmedia&parent=2"}],"curies":[{"name":"wp","href":"https:\/\/api.w.org\/{rel}","templated":true}]}}